{"id":11786,"date":"2023-01-16T15:27:43","date_gmt":"2023-01-16T14:27:43","guid":{"rendered":"https:\/\/salamandravagabonda.ch\/les-amis-de-la-drina\/"},"modified":"2024-04-17T08:32:33","modified_gmt":"2024-04-17T06:32:33","slug":"les-amis-de-la-drina","status":"publish","type":"page","link":"https:\/\/salamandravagabonda.ch\/fr\/les-amis-de-la-drina\/","title":{"rendered":"Les Amis de Drina"},"content":{"rendered":"\t\t<div data-elementor-type=\"wp-page\" data-elementor-id=\"11786\" class=\"elementor elementor-11786 elementor-10402\">\n\t\t\t\t\t\t\t\t\t<section class=\"elementor-section elementor-top-section elementor-element elementor-element-1503dd58 elementor-section-boxed elementor-section-height-default elementor-section-height-default qodef-elementor-content-no\" data-id=\"1503dd58\" data-element_type=\"section\" data-settings=\"{&quot;background_background&quot;:&quot;classic&quot;}\">\n\t\t\t\t\t\t<div class=\"elementor-container elementor-column-gap-default\">\n\t\t\t\t\t<div class=\"elementor-column elementor-col-100 elementor-top-column elementor-element elementor-element-2c0ea611\" data-id=\"2c0ea611\" data-element_type=\"column\">\n\t\t\t<div class=\"elementor-widget-wrap elementor-element-populated\">\n\t\t\t\t\t\t\t\t<div class=\"elementor-element elementor-element-d9f472c elementor-widget elementor-widget-heading\" data-id=\"d9f472c\" data-element_type=\"widget\" data-widget_type=\"heading.default\">\n\t\t\t\t<div class=\"elementor-widget-container\">\n\t\t\t<style>\/*! elementor - v3.10.1 - 17-01-2023 *\/\n.elementor-heading-title{padding:0;margin:0;line-height:1}.elementor-widget-heading .elementor-heading-title[class*=elementor-size-]>a{color:inherit;font-size:inherit;line-height:inherit}.elementor-widget-heading .elementor-heading-title.elementor-size-small{font-size:15px}.elementor-widget-heading .elementor-heading-title.elementor-size-medium{font-size:19px}.elementor-widget-heading .elementor-heading-title.elementor-size-large{font-size:29px}.elementor-widget-heading .elementor-heading-title.elementor-size-xl{font-size:39px}.elementor-widget-heading .elementor-heading-title.elementor-size-xxl{font-size:59px}<\/style><h1 class=\"elementor-heading-title elementor-size-default\">Les Amis de Drina<\/h1>\t\t<\/div>\n\t\t\t\t<\/div>\n\t\t\t\t\t<\/div>\n\t\t<\/div>\n\t\t\t\t\t\t\t<\/div>\n\t\t<\/section>\n\t\t\t\t<section class=\"elementor-section elementor-top-section elementor-element elementor-element-560bb6b elementor-section-boxed elementor-section-height-default elementor-section-height-default qodef-elementor-content-no\" data-id=\"560bb6b\" data-element_type=\"section\" data-settings=\"{&quot;background_background&quot;:&quot;classic&quot;}\">\n\t\t\t\t\t\t<div class=\"elementor-container elementor-column-gap-default\">\n\t\t\t\t\t<div class=\"elementor-column elementor-col-50 elementor-top-column elementor-element elementor-element-bd17dc7\" data-id=\"bd17dc7\" data-element_type=\"column\">\n\t\t\t<div class=\"elementor-widget-wrap elementor-element-populated\">\n\t\t\t\t\t\t\t\t<div class=\"elementor-element elementor-element-4fa9254 elementor-widget elementor-widget-heading\" data-id=\"4fa9254\" data-element_type=\"widget\" data-widget_type=\"heading.default\">\n\t\t\t\t<div class=\"elementor-widget-container\">\n\t\t\t<h1 class=\"elementor-heading-title elementor-size-default\">Sponsors officiels<\/h1>\t\t<\/div>\n\t\t\t\t<\/div>\n\t\t\t\t\t<\/div>\n\t\t<\/div>\n\t\t\t\t<div class=\"elementor-column elementor-col-50 elementor-top-column elementor-element elementor-element-0d1acdf\" data-id=\"0d1acdf\" data-element_type=\"column\">\n\t\t\t<div class=\"elementor-widget-wrap elementor-element-populated\">\n\t\t\t\t\t\t\t\t<div class=\"elementor-element elementor-element-2e889cd elementor-widget elementor-widget-text-editor\" data-id=\"2e889cd\" data-element_type=\"widget\" data-widget_type=\"text-editor.default\">\n\t\t\t\t<div class=\"elementor-widget-container\">\n\t\t\t<style>\/*! elementor - v3.10.1 - 17-01-2023 *\/\n.elementor-widget-text-editor.elementor-drop-cap-view-stacked .elementor-drop-cap{background-color:#818a91;color:#fff}.elementor-widget-text-editor.elementor-drop-cap-view-framed .elementor-drop-cap{color:#818a91;border:3px solid;background-color:transparent}.elementor-widget-text-editor:not(.elementor-drop-cap-view-default) .elementor-drop-cap{margin-top:8px}.elementor-widget-text-editor:not(.elementor-drop-cap-view-default) .elementor-drop-cap-letter{width:1em;height:1em}.elementor-widget-text-editor .elementor-drop-cap{float:left;text-align:center;line-height:1;font-size:50px}.elementor-widget-text-editor .elementor-drop-cap-letter{display:inline-block}<\/style>\t\t\t\t<p>Banque Raiffeisen des trois vall\u00e9es<\/p>\n<p>Municipalit\u00e9 d&rsquo;Acquarossa<\/p>\n<p>Municipalit\u00e9 de Blenio<\/p>\n<p>Municipalit\u00e9 de Serravalle<\/p>\n<p>Ente regionale per lo sviluppo del Bellinzonese e Valli (ERS-BV)<\/p>\n<p>Gemeinde Uetikon am See<\/p>\n<p>Gianora Laura, Semione<\/p>\n<p>Lions du Haut-Tessin<\/p>\n<p>Organizzazione Turistica Regionale Bellinzonese e Alto Ticino (OTRBAT)<\/p>\n<p>Rotary Club Bellinzona<\/p>\n<p>Soci\u00e9t\u00e9 du carnaval de Ludiano<\/p>\t\t\t\t\t\t<\/div>\n\t\t\t\t<\/div>\n\t\t\t\t\t<\/div>\n\t\t<\/div>\n\t\t\t\t\t\t\t<\/div>\n\t\t<\/section>\n\t\t\t\t<section class=\"elementor-section elementor-top-section elementor-element elementor-element-9c300f9 elementor-section-full_width elementor-section-height-default elementor-section-height-default qodef-elementor-content-no\" data-id=\"9c300f9\" data-element_type=\"section\" data-settings=\"{&quot;background_background&quot;:&quot;classic&quot;}\">\n\t\t\t\t\t\t<div class=\"elementor-container elementor-column-gap-default\">\n\t\t\t\t\t<div class=\"elementor-column elementor-col-100 elementor-top-column elementor-element elementor-element-e349dde\" data-id=\"e349dde\" data-element_type=\"column\">\n\t\t\t<div class=\"elementor-widget-wrap elementor-element-populated\">\n\t\t\t\t\t\t\t\t<div class=\"elementor-element elementor-element-0ffc04b elementor-widget elementor-widget-image\" data-id=\"0ffc04b\" data-element_type=\"widget\" data-widget_type=\"image.default\">\n\t\t\t\t<div class=\"elementor-widget-container\">\n\t\t\t<style>\/*! elementor - v3.10.1 - 17-01-2023 *\/\n.elementor-widget-image{text-align:center}.elementor-widget-image a{display:inline-block}.elementor-widget-image a img[src$=\".svg\"]{width:48px}.elementor-widget-image img{vertical-align:middle;display:inline-block}<\/style>\t\t\t\t\t\t\t\t\t\t\t\t<img loading=\"lazy\" decoding=\"async\" width=\"2560\" height=\"89\" src=\"https:\/\/salamandravagabonda.ch\/wp-content\/uploads\/2022\/06\/h1-divider-img-2.png\" class=\"attachment-full size-full wp-image-11353\" alt=\"\" srcset=\"https:\/\/salamandravagabonda.ch\/wp-content\/uploads\/2022\/06\/h1-divider-img-2.png 2560w, https:\/\/salamandravagabonda.ch\/wp-content\/uploads\/2022\/06\/h1-divider-img-2-300x10.png 300w, https:\/\/salamandravagabonda.ch\/wp-content\/uploads\/2022\/06\/h1-divider-img-2-1024x36.png 1024w, https:\/\/salamandravagabonda.ch\/wp-content\/uploads\/2022\/06\/h1-divider-img-2-768x27.png 768w, https:\/\/salamandravagabonda.ch\/wp-content\/uploads\/2022\/06\/h1-divider-img-2-1536x53.png 1536w, https:\/\/salamandravagabonda.ch\/wp-content\/uploads\/2022\/06\/h1-divider-img-2-2048x71.png 2048w\" sizes=\"auto, (max-width: 2560px) 100vw, 2560px\" \/>\t\t\t\t\t\t\t\t\t\t\t\t\t\t\t<\/div>\n\t\t\t\t<\/div>\n\t\t\t\t\t<\/div>\n\t\t<\/div>\n\t\t\t\t\t\t\t<\/div>\n\t\t<\/section>\n\t\t\t\t<section class=\"elementor-section elementor-top-section elementor-element elementor-element-8adba09 elementor-section-boxed elementor-section-height-default elementor-section-height-default qodef-elementor-content-no\" data-id=\"8adba09\" data-element_type=\"section\" data-settings=\"{&quot;background_background&quot;:&quot;classic&quot;}\">\n\t\t\t\t\t\t<div class=\"elementor-container elementor-column-gap-default\">\n\t\t\t\t\t<div class=\"elementor-column elementor-col-50 elementor-top-column elementor-element elementor-element-ad4f7a6\" data-id=\"ad4f7a6\" data-element_type=\"column\">\n\t\t\t<div class=\"elementor-widget-wrap elementor-element-populated\">\n\t\t\t\t\t\t\t\t<div class=\"elementor-element elementor-element-f2e2394 elementor-widget elementor-widget-heading\" data-id=\"f2e2394\" data-element_type=\"widget\" data-widget_type=\"heading.default\">\n\t\t\t\t<div class=\"elementor-widget-container\">\n\t\t\t<h1 class=\"elementor-heading-title elementor-size-default\">Artisans et collaborations<\/h1>\t\t<\/div>\n\t\t\t\t<\/div>\n\t\t\t\t\t<\/div>\n\t\t<\/div>\n\t\t\t\t<div class=\"elementor-column elementor-col-50 elementor-top-column elementor-element elementor-element-ed001ad\" data-id=\"ed001ad\" data-element_type=\"column\">\n\t\t\t<div class=\"elementor-widget-wrap elementor-element-populated\">\n\t\t\t\t\t\t\t\t<div class=\"elementor-element elementor-element-943c38a elementor-widget elementor-widget-text-editor\" data-id=\"943c38a\" data-element_type=\"widget\" data-widget_type=\"text-editor.default\">\n\t\t\t\t<div class=\"elementor-widget-container\">\n\t\t\t\t\t\t\t<p>Association des amis du ch\u00e2teau de Serravalle<\/p>\n<p>Bodgany Emy, Corzoneso (champignons en bois)<\/p>\n<p>Bomio Giulia, Lumino (traductions en allemand)<\/p>\n<p>Buhler Deborah, Ludiano (dessin de salamandres sur l&rsquo;asphalte)<\/p>\n<p>Ci-Manu Sagl, Motto (bancs et cl\u00f4ture Scarpina)<\/p>\n<p>Cittadini Reto Lavori Edili Sagl, Ludiano (passerelle du belv\u00e9d\u00e8re de Ladrigo)<\/p>\n<p>Colonne de secours, Biasca (nettoyage des chemins)<\/p>\n<p>Dedini Michael, Lavertezzo (sculptures en bois et banc Ladrigo)<\/p>\n<p>Din Atelier Grafico, Acquarossa (T-shirts)<\/p>\n<p>Land Department, Forestry Section (Ladrigo clearance)<\/p>\n<p>Elia Frapolli Consulting and Tourism, Giubiasco (application Tesori della Valle di Blenio)<\/p>\n<p>G. Canepa, Impresa forestale SA, Olivone (fourniture de bois de pont Scarpina)<\/p>\n<p>Gianora e Associati studio d&rsquo;ingegneria SA, Biasca (conception de la passerelle Ladrigo)<\/p>\n<p>Guarisco Elio (Bill), Traversa (casina ai grotti)<\/p>\n<p>Heli-TV SA, Riviera (transport de mat\u00e9riel)<\/p>\n<p>Int\u00e9rieur d&rsquo;un chien SNC, Acquarossa (site web salamandravagabonda.ch)<\/p>\n<p>Metalcostruzioni Galizzi Giancarlo &amp; Figlio, Malvaglia (passerelle du belv\u00e9d\u00e8re de Ladrigo)<\/p>\n<p>MGA Architectural Studio Mladen Gajic (gestion de la construction et conception technique)<\/p>\n<p>Officina Scribar, Dongio (graphisme et signalisation)<\/p>\n<p>Oliva Falegnameria SA, Motto (pont en bois, Scarpina)<\/p>\n<p>Patriziato de Ludiano (propri\u00e9taire foncier)<\/p>\n<p>Patriziato de Semione (propri\u00e9taire foncier)<\/p>\n<p>Protezione Civile 3 Valli, Biasca (nettoyage des chemins)<\/p>\n<p>Scheggia Eliana, Ludiano (traductions en allemand)<\/p>\n<p>Scuole Comunali Valle di Blenio (pr\u00e9paration d&rsquo;affiches et de mat\u00e9riel p\u00e9dagogique)<\/p>\n<p>Bureau d&rsquo;\u00e9tudes foresti\u00e8res, ing\u00e9nieur Andrea Demarta, Preonzo (d\u00e9frichement du Ladrigo)<\/p>\n<p>Studio Macaco, Agno (application \u00ab\u00a0Tr\u00e9sors de la vall\u00e9e de Blenio\u00a0\u00bb)<\/p>\n<p>Tavecchio Alyssia, Ludiano (traductions fran\u00e7aises)<\/p>\n\t\t\t\t\t\t<\/div>\n\t\t\t\t<\/div>\n\t\t\t\t\t<\/div>\n\t\t<\/div>\n\t\t\t\t\t\t\t<\/div>\n\t\t<\/section>\n\t\t\t\t\t\t\t<\/div>\n\t\t","protected":false},"excerpt":{"rendered":"<p>Les Amis de Drina Sponsors officiels Banque Raiffeisen des trois vall\u00e9es Municipalit\u00e9 d&rsquo;Acquarossa Municipalit\u00e9 de Blenio Municipalit\u00e9 de Serravalle Ente regionale per lo sviluppo del Bellinzonese e Valli (ERS-BV) Gemeinde [&hellip;]<\/p>\n","protected":false},"author":1,"featured_media":0,"parent":0,"menu_order":0,"comment_status":"closed","ping_status":"closed","template":"page-full-width.php","meta":{"footnotes":""},"class_list":["post-11786","page","type-page","status-publish","hentry"],"_links":{"self":[{"href":"https:\/\/salamandravagabonda.ch\/fr\/wp-json\/wp\/v2\/pages\/11786","targetHints":{"allow":["GET"]}}],"collection":[{"href":"https:\/\/salamandravagabonda.ch\/fr\/wp-json\/wp\/v2\/pages"}],"about":[{"href":"https:\/\/salamandravagabonda.ch\/fr\/wp-json\/wp\/v2\/types\/page"}],"author":[{"embeddable":true,"href":"https:\/\/salamandravagabonda.ch\/fr\/wp-json\/wp\/v2\/users\/1"}],"replies":[{"embeddable":true,"href":"https:\/\/salamandravagabonda.ch\/fr\/wp-json\/wp\/v2\/comments?post=11786"}],"version-history":[{"count":6,"href":"https:\/\/salamandravagabonda.ch\/fr\/wp-json\/wp\/v2\/pages\/11786\/revisions"}],"predecessor-version":[{"id":12000,"href":"https:\/\/salamandravagabonda.ch\/fr\/wp-json\/wp\/v2\/pages\/11786\/revisions\/12000"}],"wp:attachment":[{"href":"https:\/\/salamandravagabonda.ch\/fr\/wp-json\/wp\/v2\/media?parent=11786"}],"curies":[{"name":"wp","href":"https:\/\/api.w.org\/{rel}","templated":true}]}}