{"id":11699,"date":"2020-06-15T11:05:39","date_gmt":"2020-06-15T09:05:39","guid":{"rendered":"https:\/\/salamandravagabonda.ch\/promotion-des-organisations\/"},"modified":"2024-04-24T20:50:15","modified_gmt":"2024-04-24T18:50:15","slug":"promotion-des-organisations","status":"publish","type":"page","link":"https:\/\/salamandravagabonda.ch\/fr\/promotion-des-organisations\/","title":{"rendered":"Promotion des organisations"},"content":{"rendered":"<p><img decoding=\"async\" width=\"300\" height=\"158\" src=\"https:\/\/salamandravagabonda.ch\/wp-content\/uploads\/2022\/06\/libera-il-libro-300x158.png\" alt=\"\" loading=\"lazy\" srcset=\"https:\/\/salamandravagabonda.ch\/wp-content\/uploads\/2022\/06\/libera-il-libro-300x158.png 300w, https:\/\/salamandravagabonda.ch\/wp-content\/uploads\/2022\/06\/libera-il-libro.png 480w\" sizes=\"auto, (max-width: 300px) 100vw, 300px\">\t\t\t\t\t\t\t\t\t\t\t\t\t\t\t<\/p>\n<p>Libera il Libro Serravalle, une association \u00e0 but non lucratif, fond\u00e9e en f\u00e9vrier 2016 \u00e0 Ludiano afin de promouvoir la lecture \u00e0 travers l\u2019\u00e9change de livres recycl\u00e9s et de cr\u00e9er des moments de rencontre culturaux et r\u00e9cr\u00e9atifs pour tous les \u00e2ges. Le but de l\u2019association est \u00e9galement celui de valoriser le territoire environnant.<\/p>\n<p>La prima iniziativa del comitato \u00e8 stata la realizzazione della <strong>Roulotte dei Libri<\/strong> (aperta tutti i giorni dalle 9 alle 17). Quiconque le souhaite, peut y apporter les livres qu\u2019il ne lit plus et prendre ceux qui sont encore \u00e0 d\u00e9couvrir, sans aucune obligation de retour. Le but est de donner une seconde vie aux histoires, en \u00e9vitant qu\u2019elles restent fig\u00e9es trop longtemps sur des \u00e9tag\u00e8res priv\u00e9es. Situ\u00e9e dans la Place della Fiera \u00e0 Ludiano, la Roulotte s\u2019adresse aux adultes, aux adolescents et aux enfants \u00e0 partir de 7 ans.<\/p>\n<p> Pour les plus petits, l\u2019Association dispose d\u2019une petite maison des livres \u00ab <strong>Casetta dei Libri<\/strong> \u00bb \u00e0 Ludiano (Via Bazz 9) ouverte tous les jours 24\/24. <\/p>\n<p>La troisi\u00e8me structure est plac\u00e9e dans un <strong>Grenier des Livres<\/strong> \u00ab Soffitta dei Libri \u00bb, n\u00e9e gr\u00e2ce au soutien de la Commune de Serravalle, qui a mis \u00e0 disposition un local au dernier \u00e9tage de l\u2019ex mairie, toujours \u00e0 Ludiano. Dans cet espace, des rencontres sont organis\u00e9es avec des \u00e9crivains, des groupes scolaires, des invit\u00e9s de toutes sortes et diverses activit\u00e9s sont organis\u00e9es. La Soffitta dei Libri est ouvert par Rosa tous les jeudis (sauf les jours f\u00e9ri\u00e9s) de 15h \u00e0 18h (\u00e9galement pendant les vacances scolaires). <\/p>\n<p>La <strong>Cabine Audio<\/strong>, \u00e9galement sur la Piazza della Fiera, con\u00e7ue par le comit\u00e9 et rendue possible gr\u00e2ce \u00e0 la collaboration avec l&rsquo;Ated Ticino. est la premi\u00e8re \u00ab\u00a0cabine t\u00e9l\u00e9phonique \u00e0 histoires\u00a0\u00bb \u00e0 \u00eatre install\u00e9e au Tessin.<\/p>\n<p>Tous les deux ans, afin de soutenir et promouvoir les \u00e9crivains locaux, Libera il Libro Serravalle, organise un \u00e9v\u00e9nement appel\u00e9 TiLeggo.<\/p>\n<p>L&rsquo;ultima iniziativa dell&rsquo;associazione \u00e8 la creazione del <strong>sentiero tematico Salamandra Vagabonda<\/strong>, nato grazie alla collaborazione con l&rsquo;<a href=\"https:\/\/www.amiciselvapiana.com\/\" target=\"_blank\" rel=\"noopener\">Associazione degli Amici di Selvapiana<\/a>, rivolto a tutte le persone che vogliono scoprire e valorizzare la nostra regione.<\/p>\n<p><a href=\"https:\/\/www.ludianoinfesta.ch\/libera-il-libro-serravalle\/\" target=\"_blank\" rel=\"noopener\">www.ludianoinfesta.ch\/libera-il-libro-serravalle<\/a><\/p>\n<p>\t\t\t\t\t\t\t\t\t\t\t\t\t\t\t<img decoding=\"async\" width=\"2560\" height=\"89\" src=\"https:\/\/salamandravagabonda.ch\/wp-content\/uploads\/2022\/06\/h1-divider-img-2.png\" alt=\"\" loading=\"lazy\" srcset=\"https:\/\/salamandravagabonda.ch\/wp-content\/uploads\/2022\/06\/h1-divider-img-2.png 2560w, https:\/\/salamandravagabonda.ch\/wp-content\/uploads\/2022\/06\/h1-divider-img-2-300x10.png 300w, https:\/\/salamandravagabonda.ch\/wp-content\/uploads\/2022\/06\/h1-divider-img-2-1024x36.png 1024w, https:\/\/salamandravagabonda.ch\/wp-content\/uploads\/2022\/06\/h1-divider-img-2-768x27.png 768w, https:\/\/salamandravagabonda.ch\/wp-content\/uploads\/2022\/06\/h1-divider-img-2-1536x53.png 1536w, https:\/\/salamandravagabonda.ch\/wp-content\/uploads\/2022\/06\/h1-divider-img-2-2048x71.png 2048w\" sizes=\"auto, (max-width: 2560px) 100vw, 2560px\"><br \/>\n\t\t\t\t\t\t\t\t\t\t\t\t\t\t\t<img decoding=\"async\" width=\"300\" height=\"71\" src=\"https:\/\/salamandravagabonda.ch\/wp-content\/uploads\/2022\/06\/1468579974-300x71.png\" alt=\"\" loading=\"lazy\" srcset=\"https:\/\/salamandravagabonda.ch\/wp-content\/uploads\/2022\/06\/1468579974-300x71.png 300w, https:\/\/salamandravagabonda.ch\/wp-content\/uploads\/2022\/06\/1468579974.png 466w\" sizes=\"auto, (max-width: 300px) 100vw, 300px\">\t\t\t\t\t\t\t\t\t\t\t\t\t\t\t<\/p>\n<p>L\u2019Association des Amis de Selvapiana a \u00e9t\u00e9 constitu\u00e9e lors de l\u2019assembl\u00e9e du 16 janvier 2016, convoqu\u00e9e suite \u00e0 la volont\u00e9 de la mairie de Serravalle et d\u2019un groupe de personnes, propri\u00e9taires ou qui, tout simplement r\u00e9sident sur place et sont int\u00e9ress\u00e9es \u00e0 l\u2019id\u00e9e de faire revivre l\u2019ancienne installation de Selvapiana qui se trouve en dessous de Ludiano \u00e0 670 m\u00e8tres d\u2019altitude.<\/p>\n<p>L\u2019association a pour but de r\u00e9cup\u00e9rer et valoriser le village ainsi que le territoire environnant. Au cours des premi\u00e8res ann\u00e9es d\u2019activit\u00e9, l\u2019Association a effectu\u00e9 diverses interventions de nettoyage et de r\u00e9cup\u00e9ration avec l\u2019aide de nombreux b\u00e9n\u00e9voles. En outre, l\u2019Association a promu une premi\u00e8re phase d\u2019\u00e9tude cognitive, qui a permis d\u2019obtenir une vue d\u2019ensemble du secteur, en particulier des informations historiques et ethnographiques. Elles ont \u00e9t\u00e9 recueillies gr\u00e2ce \u00e0 l\u2019historien Flavio Zappa, tandis que l\u2019architecte Francesca Pedrina a r\u00e9alis\u00e9 une enqu\u00eate sur le patrimoine b\u00e2ti et un examen de la configuration urbaine de l\u2019ancien village, mettant ainsi en \u00e9vidence tous les composants dignes de pr\u00e9servation. L\u2019ing\u00e9nieur Cosma Bonoli a, quant \u00e0 lui, effectu\u00e9 une analyse des composants territoriaux de la zone environnante.<\/p>\n<p>\u00c0 travers les programmes de mise en valeur du paysage, l\u2019Association veut promouvoir une gestion durable du territoire, en se concentrant sur la mise en valeur des environnements naturels et ruraux situ\u00e9s dans la r\u00e9gion de Selvapiana et ses environs.<\/p>\n<p><a href=\"https:\/\/www.amiciselvapiana.com\/\" target=\"_blank\" rel=\"noopener\">www.amiciselvapiana.com<\/a><\/p>\n","protected":false},"excerpt":{"rendered":"<p>Libera il Libro Serravalle, une association \u00e0 but non lucratif, fond\u00e9e en f\u00e9vrier 2016 \u00e0 Ludiano afin de promouvoir la lecture \u00e0 travers l\u2019\u00e9change de livres recycl\u00e9s et de cr\u00e9er [&hellip;]<\/p>\n","protected":false},"author":1,"featured_media":0,"parent":0,"menu_order":0,"comment_status":"closed","ping_status":"closed","template":"page-full-width.php","meta":{"footnotes":""},"class_list":["post-11699","page","type-page","status-publish","hentry"],"_links":{"self":[{"href":"https:\/\/salamandravagabonda.ch\/fr\/wp-json\/wp\/v2\/pages\/11699","targetHints":{"allow":["GET"]}}],"collection":[{"href":"https:\/\/salamandravagabonda.ch\/fr\/wp-json\/wp\/v2\/pages"}],"about":[{"href":"https:\/\/salamandravagabonda.ch\/fr\/wp-json\/wp\/v2\/types\/page"}],"author":[{"embeddable":true,"href":"https:\/\/salamandravagabonda.ch\/fr\/wp-json\/wp\/v2\/users\/1"}],"replies":[{"embeddable":true,"href":"https:\/\/salamandravagabonda.ch\/fr\/wp-json\/wp\/v2\/comments?post=11699"}],"version-history":[{"count":5,"href":"https:\/\/salamandravagabonda.ch\/fr\/wp-json\/wp\/v2\/pages\/11699\/revisions"}],"predecessor-version":[{"id":12027,"href":"https:\/\/salamandravagabonda.ch\/fr\/wp-json\/wp\/v2\/pages\/11699\/revisions\/12027"}],"wp:attachment":[{"href":"https:\/\/salamandravagabonda.ch\/fr\/wp-json\/wp\/v2\/media?parent=11699"}],"curies":[{"name":"wp","href":"https:\/\/api.w.org\/{rel}","templated":true}]}}